{"id":410,"date":"2017-05-23T23:45:23","date_gmt":"2017-05-23T21:45:23","guid":{"rendered":"http:\/\/www.humanismus-bayern.de\/blog\/?page_id=410"},"modified":"2017-05-23T23:45:23","modified_gmt":"2017-05-23T21:45:23","slug":"newsletter","status":"publish","type":"page","link":"https:\/\/www.humanismus-bayern.de\/blog\/newsletter\/","title":{"rendered":"Newsletter"},"content":{"rendered":"<p>Wir versenden in unregelm\u00e4\u00dfigen Abst\u00e4nden einen E-Mail-Newsletter mit aktuellen und neuen Terminen. Zum abonnieren senden Sie bitte eine E-Mail mit dem Betreff &#8222;Newsletter&#8220; an <a href=\"mailto:newsletter@humanismus-bayern.de?subject=Newsletter\">newsletter@humanismus-bayern.de<\/a>.<\/p>\n","protected":false},"excerpt":{"rendered":"<p>Wir versenden in unregelm\u00e4\u00dfigen Abst\u00e4nden einen E-Mail-Newsletter mit aktuellen und neuen Terminen. Zum abonnieren senden Sie bitte eine E-Mail mit dem Betreff &#8222;Newsletter&#8220; an newsletter@humanismus-bayern.de.<\/p>\n","protected":false},"author":1,"featured_media":0,"parent":0,"menu_order":0,"comment_status":"closed","ping_status":"closed","template":"","meta":{"footnotes":""},"class_list":["post-410","page","type-page","status-publish","hentry"],"_links":{"self":[{"href":"https:\/\/www.humanismus-bayern.de\/blog\/wp-json\/wp\/v2\/pages\/410","targetHints":{"allow":["GET"]}}],"collection":[{"href":"https:\/\/www.humanismus-bayern.de\/blog\/wp-json\/wp\/v2\/pages"}],"about":[{"href":"https:\/\/www.humanismus-bayern.de\/blog\/wp-json\/wp\/v2\/types\/page"}],"author":[{"embeddable":true,"href":"https:\/\/www.humanismus-bayern.de\/blog\/wp-json\/wp\/v2\/users\/1"}],"replies":[{"embeddable":true,"href":"https:\/\/www.humanismus-bayern.de\/blog\/wp-json\/wp\/v2\/comments?post=410"}],"version-history":[{"count":1,"href":"https:\/\/www.humanismus-bayern.de\/blog\/wp-json\/wp\/v2\/pages\/410\/revisions"}],"predecessor-version":[{"id":411,"href":"https:\/\/www.humanismus-bayern.de\/blog\/wp-json\/wp\/v2\/pages\/410\/revisions\/411"}],"wp:attachment":[{"href":"https:\/\/www.humanismus-bayern.de\/blog\/wp-json\/wp\/v2\/media?parent=410"}],"curies":[{"name":"wp","href":"https:\/\/api.w.org\/{rel}","templated":true}]}}