{"id":340,"date":"2017-05-05T16:03:43","date_gmt":"2017-05-05T14:03:43","guid":{"rendered":"http:\/\/www.humanismus-bayern.de\/blog\/?page_id=340"},"modified":"2021-06-29T12:11:17","modified_gmt":"2021-06-29T10:11:17","slug":"impressum","status":"publish","type":"page","link":"https:\/\/www.humanismus-bayern.de\/blog\/impressum\/","title":{"rendered":"Impressum"},"content":{"rendered":"<p>Verantwortlich f\u00fcr den Webauftritt: Michael P. Geyer, We\u00dfling<\/p>\n<p>Kontakt: <a href=\"mailto:webmaster@humanismus-bayern.de\">webmaster@humanismus-bayern.de<\/a><\/p>\n<p>Die Liste der Termine erhebt keinen Anspruch auf Vollst\u00e4ndigkeit. Fehlende Termine bitte an <a href=\"mailto:webmaster@humanismus-bayern.de\">webmaster@humanismus-bayern.de<\/a>. Diese Seite ist unabh\u00e4ngig: Links zu Organisationen, Vereinen oder Parteien dienen nur der Information. Es fehlt ein wichtiger Link? Bitte an\u00a0<a href=\"mailto:webmaster@humanismus-bayern.de\">webmaster@humanismus-bayern.de<\/a> senden.<\/p>\n","protected":false},"excerpt":{"rendered":"<p>Verantwortlich f\u00fcr den Webauftritt: Michael P. Geyer, We\u00dfling Kontakt: webmaster@humanismus-bayern.de Die Liste der Termine erhebt keinen Anspruch auf Vollst\u00e4ndigkeit. Fehlende Termine bitte an webmaster@humanismus-bayern.de. Diese Seite ist unabh\u00e4ngig: Links zu Organisationen, Vereinen oder Parteien dienen nur der Information. Es fehlt ein wichtiger Link? Bitte an\u00a0webmaster@humanismus-bayern.de senden.<\/p>\n","protected":false},"author":3,"featured_media":0,"parent":0,"menu_order":0,"comment_status":"closed","ping_status":"closed","template":"","meta":{"footnotes":""},"class_list":["post-340","page","type-page","status-publish","hentry"],"_links":{"self":[{"href":"https:\/\/www.humanismus-bayern.de\/blog\/wp-json\/wp\/v2\/pages\/340","targetHints":{"allow":["GET"]}}],"collection":[{"href":"https:\/\/www.humanismus-bayern.de\/blog\/wp-json\/wp\/v2\/pages"}],"about":[{"href":"https:\/\/www.humanismus-bayern.de\/blog\/wp-json\/wp\/v2\/types\/page"}],"author":[{"embeddable":true,"href":"https:\/\/www.humanismus-bayern.de\/blog\/wp-json\/wp\/v2\/users\/3"}],"replies":[{"embeddable":true,"href":"https:\/\/www.humanismus-bayern.de\/blog\/wp-json\/wp\/v2\/comments?post=340"}],"version-history":[{"count":3,"href":"https:\/\/www.humanismus-bayern.de\/blog\/wp-json\/wp\/v2\/pages\/340\/revisions"}],"predecessor-version":[{"id":1561,"href":"https:\/\/www.humanismus-bayern.de\/blog\/wp-json\/wp\/v2\/pages\/340\/revisions\/1561"}],"wp:attachment":[{"href":"https:\/\/www.humanismus-bayern.de\/blog\/wp-json\/wp\/v2\/media?parent=340"}],"curies":[{"name":"wp","href":"https:\/\/api.w.org\/{rel}","templated":true}]}}